{"id":241,"date":"2023-07-27T02:29:40","date_gmt":"2023-07-27T00:29:40","guid":{"rendered":"http:\/\/serjaures.fr\/?page_id=241"},"modified":"2023-08-12T14:18:19","modified_gmt":"2023-08-12T12:18:19","slug":"faq","status":"publish","type":"page","link":"https:\/\/serjaures.fr\/index.php\/faq\/","title":{"rendered":"FAQ"},"content":{"rendered":"\t\t<div data-elementor-type=\"wp-page\" data-elementor-id=\"241\" class=\"elementor elementor-241\">\n\t\t\t\t\t\t\t\t\t<section class=\"elementor-section elementor-top-section elementor-element elementor-element-3c194bd elementor-section-boxed elementor-section-height-default elementor-section-height-default\" data-id=\"3c194bd\" data-element_type=\"section\">\n\t\t\t\t\t\t<div class=\"elementor-container elementor-column-gap-default\">\n\t\t\t\t\t<div class=\"elementor-column elementor-col-100 elementor-top-column elementor-element elementor-element-36dbae3\" data-id=\"36dbae3\" data-element_type=\"column\">\n\t\t\t<div class=\"elementor-widget-wrap\">\n\t\t\t\t\t\t\t\t\t<\/div>\n\t\t<\/div>\n\t\t\t\t\t\t\t<\/div>\n\t\t<\/section>\n\t\t\t\t<section class=\"elementor-section elementor-top-section elementor-element elementor-element-d024928 elementor-section-boxed elementor-section-height-default elementor-section-height-default\" data-id=\"d024928\" data-element_type=\"section\">\n\t\t\t\t\t\t<div class=\"elementor-container elementor-column-gap-default\">\n\t\t\t\t\t<div class=\"elementor-column elementor-col-100 elementor-top-column elementor-element elementor-element-ef0cfc7\" data-id=\"ef0cfc7\" data-element_type=\"column\">\n\t\t\t<div class=\"elementor-widget-wrap elementor-element-populated\">\n\t\t\t\t\t\t\t\t<div class=\"elementor-element elementor-element-1ff20a4 elementor-widget elementor-widget-heading\" data-id=\"1ff20a4\" data-element_type=\"widget\" data-widget_type=\"heading.default\">\n\t\t\t\t<div class=\"elementor-widget-container\">\n\t\t\t<style>\/*! elementor - v3.14.0 - 26-06-2023 *\/\n.elementor-heading-title{padding:0;margin:0;line-height:1}.elementor-widget-heading .elementor-heading-title[class*=elementor-size-]>a{color:inherit;font-size:inherit;line-height:inherit}.elementor-widget-heading .elementor-heading-title.elementor-size-small{font-size:15px}.elementor-widget-heading .elementor-heading-title.elementor-size-medium{font-size:19px}.elementor-widget-heading .elementor-heading-title.elementor-size-large{font-size:29px}.elementor-widget-heading .elementor-heading-title.elementor-size-xl{font-size:39px}.elementor-widget-heading .elementor-heading-title.elementor-size-xxl{font-size:59px}<\/style><h2 class=\"elementor-heading-title elementor-size-default\">FOIRE AUX QUESTIONS<\/h2>\t\t<\/div>\n\t\t\t\t<\/div>\n\t\t\t\t\t<\/div>\n\t\t<\/div>\n\t\t\t\t\t\t\t<\/div>\n\t\t<\/section>\n\t\t\t\t<section class=\"elementor-section elementor-top-section elementor-element elementor-element-2a3c76c elementor-section-boxed elementor-section-height-default elementor-section-height-default\" data-id=\"2a3c76c\" data-element_type=\"section\">\n\t\t\t\t\t\t<div class=\"elementor-container elementor-column-gap-default\">\n\t\t\t\t\t<div class=\"elementor-column elementor-col-100 elementor-top-column elementor-element elementor-element-6bae27e\" data-id=\"6bae27e\" data-element_type=\"column\">\n\t\t\t<div class=\"elementor-widget-wrap elementor-element-populated\">\n\t\t\t\t\t\t\t\t<div class=\"elementor-element elementor-element-6a691ce elementor-widget elementor-widget-text-editor\" data-id=\"6a691ce\" data-element_type=\"widget\" data-widget_type=\"text-editor.default\">\n\t\t\t\t<div class=\"elementor-widget-container\">\n\t\t\t<style>\/*! elementor - v3.14.0 - 26-06-2023 *\/\n.elementor-widget-text-editor.elementor-drop-cap-view-stacked .elementor-drop-cap{background-color:#69727d;color:#fff}.elementor-widget-text-editor.elementor-drop-cap-view-framed .elementor-drop-cap{color:#69727d;border:3px solid;background-color:transparent}.elementor-widget-text-editor:not(.elementor-drop-cap-view-default) .elementor-drop-cap{margin-top:8px}.elementor-widget-text-editor:not(.elementor-drop-cap-view-default) .elementor-drop-cap-letter{width:1em;height:1em}.elementor-widget-text-editor .elementor-drop-cap{float:left;text-align:center;line-height:1;font-size:50px}.elementor-widget-text-editor .elementor-drop-cap-letter{display:inline-block}<\/style>\t\t\t\t<p>Renseignements utiles pour l\u2019inscription au permis, au code\u2026<\/p>\t\t\t\t\t\t<\/div>\n\t\t\t\t<\/div>\n\t\t\t\t\t<\/div>\n\t\t<\/div>\n\t\t\t\t\t\t\t<\/div>\n\t\t<\/section>\n\t\t\t\t<section class=\"elementor-section elementor-top-section elementor-element elementor-element-e2f0441 elementor-section-boxed elementor-section-height-default elementor-section-height-default\" data-id=\"e2f0441\" data-element_type=\"section\">\n\t\t\t\t\t\t<div class=\"elementor-container elementor-column-gap-default\">\n\t\t\t\t\t<div class=\"elementor-column elementor-col-100 elementor-top-column elementor-element elementor-element-9b4ea59\" data-id=\"9b4ea59\" data-element_type=\"column\">\n\t\t\t<div class=\"elementor-widget-wrap\">\n\t\t\t\t\t\t\t\t\t<\/div>\n\t\t<\/div>\n\t\t\t\t\t\t\t<\/div>\n\t\t<\/section>\n\t\t\t\t<section class=\"elementor-section elementor-top-section elementor-element elementor-element-57473cd elementor-section-boxed elementor-section-height-default elementor-section-height-default\" data-id=\"57473cd\" data-element_type=\"section\">\n\t\t\t\t\t\t<div class=\"elementor-container elementor-column-gap-default\">\n\t\t\t\t\t<div class=\"elementor-column elementor-col-100 elementor-top-column elementor-element elementor-element-49d2450\" data-id=\"49d2450\" data-element_type=\"column\">\n\t\t\t<div class=\"elementor-widget-wrap elementor-element-populated\">\n\t\t\t\t\t\t\t\t<div class=\"elementor-element elementor-element-f0bbefd elementor-widget elementor-widget-heading\" data-id=\"f0bbefd\" data-element_type=\"widget\" data-widget_type=\"heading.default\">\n\t\t\t\t<div class=\"elementor-widget-container\">\n\t\t\t<h4 class=\"elementor-heading-title elementor-size-default\">Quelles sont les pi\u00e8ces \u00e0 fournir pour l'inscription ?<\/h4>\t\t<\/div>\n\t\t\t\t<\/div>\n\t\t\t\t\t<\/div>\n\t\t<\/div>\n\t\t\t\t\t\t\t<\/div>\n\t\t<\/section>\n\t\t\t\t<section class=\"elementor-section elementor-top-section elementor-element elementor-element-6498d5b elementor-section-boxed elementor-section-height-default elementor-section-height-default\" data-id=\"6498d5b\" data-element_type=\"section\">\n\t\t\t\t\t\t<div class=\"elementor-container elementor-column-gap-default\">\n\t\t\t\t\t<div class=\"elementor-column elementor-col-100 elementor-top-column elementor-element elementor-element-45310ba\" data-id=\"45310ba\" data-element_type=\"column\">\n\t\t\t<div class=\"elementor-widget-wrap elementor-element-populated\">\n\t\t\t\t\t\t\t\t<div class=\"elementor-element elementor-element-e645674 elementor-widget elementor-widget-text-editor\" data-id=\"e645674\" data-element_type=\"widget\" data-widget_type=\"text-editor.default\">\n\t\t\t\t<div class=\"elementor-widget-container\">\n\t\t\t\t\t\t\t<ul><li>Copie recto\/verso de la pi\u00e8ce d\u2019identit\u00e9 en cours de validit\u00e9.<\/li><li>4 photos d\u2019identit\u00e9 identiques avec signature \u00e9lectronique (\u00ab E-photo \u00bb), r\u00e9centes, non d\u00e9coup\u00e9es et conformes aux normes ANTS.<\/li><li>3 enveloppes A5 \u00ab lettre suivi 100g \u00bb.<\/li><li>2 enveloppe A5 \u00ab pr\u00eat-\u00e0-poster 100g \u00bb.<\/li><li>Attestation de recensement ou JAP ou Certificat individuel de Participation \u00e0 la journ\u00e9e de d\u00e9fense et de citoyennet\u00e9.<\/li><li>Justificatif de domicile de -3 mois.<\/li><li>Copie de l\u2019ASR ou de l\u2019ASSR2.<\/li><\/ul><p><strong>+ POUR LES MINEURS<\/strong><\/p><ul><li>Copie de la pi\u00e8ce d\u2019identit\u00e9 recto\/verso du responsable l\u00e9gal.<\/li><\/ul><p><strong>+ SI VOUS \u00caTES H\u00c9BERG\u00c9S<\/strong><\/p><ul><li>Copie de la pi\u00e8ce d\u2019identit\u00e9 de l\u2019h\u00e9bergeant<\/li><li>Justificatif de domicile de -3 mois de l\u2019h\u00e9bergeant<\/li><li>Attestation d\u2019h\u00e9bergement<\/li><\/ul>\t\t\t\t\t\t<\/div>\n\t\t\t\t<\/div>\n\t\t\t\t\t<\/div>\n\t\t<\/div>\n\t\t\t\t\t\t\t<\/div>\n\t\t<\/section>\n\t\t\t\t\t\t\t<\/div>\n\t\t","protected":false},"excerpt":{"rendered":"<p>FOIRE AUX QUESTIONS Renseignements utiles pour l\u2019inscription au permis, au code\u2026 Quelles sont les pi\u00e8ces \u00e0 fournir pour l&#8217;inscription ? Copie recto\/verso de la pi\u00e8ce d\u2019identit\u00e9 en cours de validit\u00e9. 4 photos d\u2019identit\u00e9 identiques avec signature \u00e9lectronique (\u00ab E-photo \u00bb), r\u00e9centes, non d\u00e9coup\u00e9es et conformes aux normes ANTS. 3 enveloppes A5 \u00ab lettre suivi 100g &hellip;<\/p>\n<p class=\"read-more\"> <a class=\"\" href=\"https:\/\/serjaures.fr\/index.php\/faq\/\"> <span class=\"screen-reader-text\">FAQ<\/span> Lire la suite\u00a0\u00bb<\/a><\/p>\n","protected":false},"author":1,"featured_media":0,"parent":0,"menu_order":0,"comment_status":"closed","ping_status":"closed","template":"","meta":{"_monsterinsights_skip_tracking":false,"_monsterinsights_sitenote_active":false,"_monsterinsights_sitenote_note":"","_monsterinsights_sitenote_category":0,"footnotes":""},"class_list":["post-241","page","type-page","status-publish","hentry"],"aioseo_notices":[],"_links":{"self":[{"href":"https:\/\/serjaures.fr\/index.php\/wp-json\/wp\/v2\/pages\/241","targetHints":{"allow":["GET"]}}],"collection":[{"href":"https:\/\/serjaures.fr\/index.php\/wp-json\/wp\/v2\/pages"}],"about":[{"href":"https:\/\/serjaures.fr\/index.php\/wp-json\/wp\/v2\/types\/page"}],"author":[{"embeddable":true,"href":"https:\/\/serjaures.fr\/index.php\/wp-json\/wp\/v2\/users\/1"}],"replies":[{"embeddable":true,"href":"https:\/\/serjaures.fr\/index.php\/wp-json\/wp\/v2\/comments?post=241"}],"version-history":[{"count":16,"href":"https:\/\/serjaures.fr\/index.php\/wp-json\/wp\/v2\/pages\/241\/revisions"}],"predecessor-version":[{"id":512,"href":"https:\/\/serjaures.fr\/index.php\/wp-json\/wp\/v2\/pages\/241\/revisions\/512"}],"wp:attachment":[{"href":"https:\/\/serjaures.fr\/index.php\/wp-json\/wp\/v2\/media?parent=241"}],"curies":[{"name":"wp","href":"https:\/\/api.w.org\/{rel}","templated":true}]}}